{"id":34,"date":"2015-02-20T12:12:34","date_gmt":"2015-02-20T12:12:34","guid":{"rendered":"http:\/\/www.rochalazan.com\/web\/?page_id=34"},"modified":"2015-03-04T10:20:15","modified_gmt":"2015-03-04T10:20:15","slug":"quem-somos","status":"publish","type":"page","link":"https:\/\/www.rochalazan.com\/web\/quem-somos\/","title":{"rendered":"Quem Somos"},"content":{"rendered":"<p class=\"auto-style5\" style=\"text-align: justify;\">A <strong>Rochalazan \u2013 Estores<\/strong> iniciou a sua actividade como fabricante de estores em Portugal em 2007.<\/p>\n<p class=\"auto-style3\" style=\"text-align: justify;\">Depois de v\u00e1rios anos na <strong>ALAZAN<\/strong> primeiro como cliente e depois como vendedor o seu Fundador Nelson Rocha decidiu juntamente com a marca<strong>ALAZAN<\/strong> investir em Portugal e surge o nome<strong> ROCHALAZAN.<\/strong><\/p>\n<p class=\"auto-style3\" style=\"text-align: justify;\"><strong>ALAZAN<\/strong> \u00e9 um fabricante Espanhol de persianas com mais de 30 anos, estabelecida no mercado desde de 1981, esta experi\u00eancia e longevidade empresarial fez com a <strong>ALAZAN<\/strong> se torna-se num dos maiores fabricantes de persianas da Europa.<\/p>\n<p class=\"auto-style3\" style=\"text-align: justify;\">Com a aposta sucessiva na empresa por parte dos seus clientes e com o passar dos anos com sucessivas reestrutura\u00e7\u00f5es a <strong>ALAZAN<\/strong> tem crescido de forma sustentada, inclusive tem inovado com o aparecimento de novos produtos.<\/p>\n<p class=\"auto-style3\" style=\"text-align: justify;\">A <strong>Rochalazan<\/strong> actualmente tem a confian\u00e7a de clientes qualificados e fornecedores de todo o mundo, mantendo uma rela\u00e7\u00e3o pessoal e de cordialidade com cada um deles.<\/p>\n<p class=\"auto-style3\" style=\"text-align: justify;\"><strong>A nossa prioridade \u00e9 alcan\u00e7ar a satisfa\u00e7\u00e3o do cliente, fornecendo um servi\u00e7o eficiente e um produto de qualidade. Esta \u00e9 a nossa maneira de ser e o nosso compromisso inabal\u00e1vel para com os nossos clientes.<\/strong><\/p>\n<p style=\"text-align: justify;\"><span class=\"date\">\u00a0<\/span><\/p>\n<div class=\"cleaner\" style=\"text-align: justify;\"><strong><em>Rochalazan &#8221; Estores Somos N\u00f3s &#8220;<\/em><\/strong><\/div>\n","protected":false},"excerpt":{"rendered":"<p>A Rochalazan \u2013 Estores iniciou a sua actividade como fabricante de estores em Portugal em 2007. Depois de v\u00e1rios anos na ALAZAN primeiro como cliente e<span class=\"excerpt-hellip\"> [\u2026]<\/span><\/p>\n","protected":false},"author":394,"featured_media":0,"parent":0,"menu_order":0,"comment_status":"closed","ping_status":"closed","template":"","meta":{"footnotes":""},"class_list":["post-34","page","type-page","status-publish","hentry"],"_links":{"self":[{"href":"https:\/\/www.rochalazan.com\/web\/wp-json\/wp\/v2\/pages\/34","targetHints":{"allow":["GET"]}}],"collection":[{"href":"https:\/\/www.rochalazan.com\/web\/wp-json\/wp\/v2\/pages"}],"about":[{"href":"https:\/\/www.rochalazan.com\/web\/wp-json\/wp\/v2\/types\/page"}],"author":[{"embeddable":true,"href":"https:\/\/www.rochalazan.com\/web\/wp-json\/wp\/v2\/users\/394"}],"replies":[{"embeddable":true,"href":"https:\/\/www.rochalazan.com\/web\/wp-json\/wp\/v2\/comments?post=34"}],"version-history":[{"count":0,"href":"https:\/\/www.rochalazan.com\/web\/wp-json\/wp\/v2\/pages\/34\/revisions"}],"wp:attachment":[{"href":"https:\/\/www.rochalazan.com\/web\/wp-json\/wp\/v2\/media?parent=34"}],"curies":[{"name":"wp","href":"https:\/\/api.w.org\/{rel}","templated":true}]}}