{"id":28,"date":"2015-02-20T12:10:04","date_gmt":"2015-02-20T12:10:04","guid":{"rendered":"http:\/\/www.rochalazan.com\/web\/?page_id=28"},"modified":"2016-08-02T17:13:20","modified_gmt":"2016-08-02T16:13:20","slug":"inicio","status":"publish","type":"page","link":"https:\/\/www.rochalazan.com\/web\/","title":{"rendered":"In\u00edcio"},"content":{"rendered":"<div id=\"pl-28\"  class=\"panel-layout\" ><div id=\"pg-28-0\"  class=\"panel-grid panel-no-style\" ><div id=\"pgc-28-0-0\"  class=\"panel-grid-cell\" ><div id=\"panel-28-0-0-0\" class=\"so-panel widget panel-first-child\" data-index=\"0\" ><\/div><div id=\"panel-28-0-0-1\" class=\"so-panel widget widget_metaslider_widget panel-last-child\" data-index=\"1\" ><div id=\"metaslider-id-75\" style=\"width: 100%; margin: 0 auto;\" class=\"ml-slider-3-108-0 metaslider metaslider-flex metaslider-75 ml-slider has-dots-nav ms-theme-default\" role=\"region\" aria-label=\"Main Page\" data-height=\"360\" data-width=\"1000\">\n    <div id=\"metaslider_container_75\">\n        <div id=\"metaslider_75\" class=\"flexslider\">\n            <ul class='slides'>\n                <li style=\"display: block; width: 100%;\" class=\"slide-3226 ms-image \" aria-roledescription=\"slide\" data-date=\"2022-07-04 22:54:55\" data-filename=\"slider-03-1.jpg\" data-slide-type=\"image\"><img loading=\"lazy\" decoding=\"async\" width=\"1000\" height=\"360\" src=\"https:\/\/www.rochalazan.com\/web\/wp-content\/uploads\/slider-03-1.jpg\" class=\"slider-75 slide-3226 msDefaultImage\" alt=\"\" rel=\"\" title=\"slider-03\" srcset=\"https:\/\/www.rochalazan.com\/web\/wp-content\/uploads\/slider-03-1.jpg 1000w, https:\/\/www.rochalazan.com\/web\/wp-content\/uploads\/slider-03-1-300x108.jpg 300w, https:\/\/www.rochalazan.com\/web\/wp-content\/uploads\/slider-03-1-768x276.jpg 768w, https:\/\/www.rochalazan.com\/web\/wp-content\/uploads\/slider-03-1-260x94.jpg 260w, https:\/\/www.rochalazan.com\/web\/wp-content\/uploads\/slider-03-1-50x18.jpg 50w, https:\/\/www.rochalazan.com\/web\/wp-content\/uploads\/slider-03-1-150x54.jpg 150w\" sizes=\"auto, (max-width:767px) 480px, (max-width:1000px) 100vw, 1000px\" \/><\/li>\n                <li style=\"display: none; width: 100%;\" class=\"slide-3308 ms-image \" aria-roledescription=\"slide\" data-date=\"2022-07-07 01:25:25\" data-filename=\"slider-pergola02-principal.jpg\" data-slide-type=\"image\"><img loading=\"lazy\" decoding=\"async\" width=\"1000\" height=\"350\" src=\"https:\/\/www.rochalazan.com\/web\/wp-content\/uploads\/slider-pergola02-principal.jpg\" class=\"slider-75 slide-3308 msDefaultImage\" alt=\"\" rel=\"\" title=\"slider-pergola02-principal\" srcset=\"https:\/\/www.rochalazan.com\/web\/wp-content\/uploads\/slider-pergola02-principal.jpg 1000w, https:\/\/www.rochalazan.com\/web\/wp-content\/uploads\/slider-pergola02-principal-300x105.jpg 300w, https:\/\/www.rochalazan.com\/web\/wp-content\/uploads\/slider-pergola02-principal-768x269.jpg 768w, https:\/\/www.rochalazan.com\/web\/wp-content\/uploads\/slider-pergola02-principal-260x91.jpg 260w, https:\/\/www.rochalazan.com\/web\/wp-content\/uploads\/slider-pergola02-principal-50x18.jpg 50w, https:\/\/www.rochalazan.com\/web\/wp-content\/uploads\/slider-pergola02-principal-150x53.jpg 150w\" sizes=\"auto, (max-width:767px) 480px, (max-width:1000px) 100vw, 1000px\" \/><\/li>\n                <li style=\"display: none; width: 100%;\" class=\"slide-3309 ms-image \" aria-roledescription=\"slide\" data-date=\"2022-07-07 01:25:25\" data-filename=\"slider-cortina-principal.jpg\" data-slide-type=\"image\"><img loading=\"lazy\" decoding=\"async\" width=\"1000\" height=\"350\" src=\"https:\/\/www.rochalazan.com\/web\/wp-content\/uploads\/slider-cortina-principal.jpg\" class=\"slider-75 slide-3309 msDefaultImage\" alt=\"\" rel=\"\" title=\"slider-cortina-principal\" srcset=\"https:\/\/www.rochalazan.com\/web\/wp-content\/uploads\/slider-cortina-principal.jpg 1000w, https:\/\/www.rochalazan.com\/web\/wp-content\/uploads\/slider-cortina-principal-300x105.jpg 300w, https:\/\/www.rochalazan.com\/web\/wp-content\/uploads\/slider-cortina-principal-768x269.jpg 768w, https:\/\/www.rochalazan.com\/web\/wp-content\/uploads\/slider-cortina-principal-260x91.jpg 260w, https:\/\/www.rochalazan.com\/web\/wp-content\/uploads\/slider-cortina-principal-50x18.jpg 50w, https:\/\/www.rochalazan.com\/web\/wp-content\/uploads\/slider-cortina-principal-150x53.jpg 150w\" sizes=\"auto, (max-width:767px) 480px, (max-width:1000px) 100vw, 1000px\" \/><\/li>\n                <li style=\"display: none; width: 100%;\" class=\"slide-3310 ms-image \" aria-roledescription=\"slide\" data-date=\"2022-07-07 01:25:25\" data-filename=\"slider-pergola-principal.jpg\" data-slide-type=\"image\"><img loading=\"lazy\" decoding=\"async\" width=\"1000\" height=\"350\" src=\"https:\/\/www.rochalazan.com\/web\/wp-content\/uploads\/slider-pergola-principal.jpg\" class=\"slider-75 slide-3310 msDefaultImage\" alt=\"\" rel=\"\" title=\"slider-pergola-principal\" srcset=\"https:\/\/www.rochalazan.com\/web\/wp-content\/uploads\/slider-pergola-principal.jpg 1000w, https:\/\/www.rochalazan.com\/web\/wp-content\/uploads\/slider-pergola-principal-300x105.jpg 300w, https:\/\/www.rochalazan.com\/web\/wp-content\/uploads\/slider-pergola-principal-768x269.jpg 768w, https:\/\/www.rochalazan.com\/web\/wp-content\/uploads\/slider-pergola-principal-260x91.jpg 260w, https:\/\/www.rochalazan.com\/web\/wp-content\/uploads\/slider-pergola-principal-50x18.jpg 50w, https:\/\/www.rochalazan.com\/web\/wp-content\/uploads\/slider-pergola-principal-150x53.jpg 150w\" sizes=\"auto, (max-width:767px) 480px, (max-width:1000px) 100vw, 1000px\" \/><\/li>\n            <\/ul>\n        <\/div>\n        \n    <\/div>\n<\/div><\/div><\/div><\/div><div id=\"pg-28-1\"  class=\"panel-grid panel-no-style\" ><div id=\"pgc-28-1-0\"  class=\"panel-grid-cell\" ><div id=\"panel-28-1-0-0\" class=\"so-panel widget widget_black-studio-tinymce widget_black_studio_tinymce panel-first-child panel-last-child\" data-index=\"2\" ><div class=\"textwidget\"><p class=\"auto-style3\" style=\"text-align: justify;\"><strong>\u00a0 \u00a0A nossa prioridade \u00e9 alcan\u00e7ar a satisfa\u00e7\u00e3o do cliente, fornecendo um servi\u00e7o eficiente e um produto de qualidade. Esta \u00e9 a nossa maneira de ser e o nosso compromisso inabal\u00e1vel para com os nossos clientes.<\/strong><\/p>\n<div class=\"cleaner\" style=\"text-align: center;\"><strong><em>Rochalazan \u201d Estores Somos N\u00f3s \u201c<\/em><\/strong><\/div>\n<\/div><\/div><\/div><\/div><div id=\"pg-28-2\"  class=\"panel-grid panel-no-style\" ><div id=\"pgc-28-2-0\"  class=\"panel-grid-cell\" ><div id=\"panel-28-2-0-0\" class=\"so-panel widget widget_loginwithajaxwidget panel-first-child\" data-index=\"3\" ><h3 class=\"widget-title\"><span class=\"lwa-title\">\u00c1rea de Clientes<\/span><\/h3>\t<div class=\"lwa lwa-template-modal\">\t\t<a href=\"https:\/\/www.rochalazan.com\/web\/properfil\/?template=modal\" class=\"lwa-links-modal\">Iniciar sess\u00e3o<\/a>\r\n\t\t\t\t<div class=\"lwa-modal\" style=\"display:none;\">\r\n\t        <form name=\"lwa-form\" class=\"lwa-form\" action=\"https:\/\/www.rochalazan.com\/web\/properfil\/?template=modal\" method=\"post\">\r\n\t        \t<span class=\"lwa-status\"><\/span>\r\n\t            <table>\r\n\t                <tr class=\"lwa-username\">\r\n\t                    <td class=\"username_label\">\r\n\t                        <label>Utilizador<\/label>\r\n\t                    <\/td>\r\n\t                    <td class=\"username_input\">\r\n\t                        <input type=\"text\" name=\"log\" id=\"lwa_user_login\" class=\"input\" \/>\r\n\t                    <\/td>\r\n\t                <\/tr>\r\n\t                <tr class=\"lwa-password\">\r\n\t                    <td class=\"password_label\">\r\n\t                        <label>Senha<\/label>\r\n\t                    <\/td>\r\n\t                    <td class=\"password_input\">\r\n\t                        <input type=\"password\" name=\"pwd\" id=\"lwa_user_pass\" class=\"input\" value=\"\" \/>\r\n\t                    <\/td>\r\n\t                <\/tr>\r\n                \t<tr><td colspan=\"2\"><p style=\"display: none;\"><label>Enter something special:<\/label><input name=\"aio_special_field\" type=\"text\" class=\"aio_special_field\" value=\"\" \/><\/p><\/td><\/tr>\r\n\t                <tr class=\"lwa-submit\">\r\n\t                    <td class=\"lwa-submit-button\">\r\n\t                        <input type=\"submit\" name=\"wp-submit\" class=\"lwa-wp-submit\" value=\"Iniciar sess\u00e3o\" tabindex=\"100\" \/>\r\n\t                        <input type=\"hidden\" name=\"lwa_profile_link\" value=\"0\" \/>\r\n                        \t<input type=\"hidden\" name=\"login-with-ajax\" value=\"login\" \/>\r\n\t\t\t\t\t\t\t\t                    <\/td>\r\n\t                    <td class=\"lwa-links\">\r\n\t                        <input name=\"rememberme\" type=\"checkbox\" id=\"lwa_rememberme\" value=\"forever\" \/> <label>Manter sess\u00e3o<\/label>\r\n\t                        <br \/>\r\n\t\t\t\t        \t\t\t\t\t\t\t\t\t                    <\/td>\r\n\t                <\/tr>\r\n\t            <\/table>\r\n\t        <\/form>\r\n        \t\t\t    \t\t<\/div>\r\n\t<\/div><\/div><div id=\"panel-28-2-0-1\" class=\"so-panel widget widget_nav_menu panel-last-child\" data-index=\"4\" ><h3 class=\"widget-title\">Os Nossos Trabalhos<\/h3><div class=\"menu-nossos-trabalhos-container\"><ul id=\"menu-nossos-trabalhos\" class=\"menu\"><li id=\"menu-item-3038\" class=\"menu-item menu-item-type-post_type menu-item-object-page menu-item-3038\"><a href=\"https:\/\/www.rochalazan.com\/web\/nossos-trabalhos\/cortinas-deslizantes\/\">Cortinas Deslizantes<\/a><\/li>\n<li id=\"menu-item-3264\" class=\"menu-item menu-item-type-post_type menu-item-object-page menu-item-3264\"><a href=\"https:\/\/www.rochalazan.com\/web\/nossos-trabalhos\/cortinas-de-vidro\/\">Cortinas de Vidro<\/a><\/li>\n<li id=\"menu-item-3292\" class=\"menu-item menu-item-type-post_type menu-item-object-page menu-item-3292\"><a href=\"https:\/\/www.rochalazan.com\/web\/nossos-trabalhos\/pergolas\/\">P\u00e9rgolas<\/a><\/li>\n<li id=\"menu-item-632\" class=\"menu-item menu-item-type-post_type menu-item-object-page menu-item-632\"><a href=\"https:\/\/www.rochalazan.com\/web\/nossos-trabalhos\/antes-e-depois\/\">Antes e Depois<\/a><\/li>\n<li id=\"menu-item-637\" class=\"menu-item menu-item-type-post_type menu-item-object-page menu-item-637\"><a href=\"https:\/\/www.rochalazan.com\/web\/nossos-trabalhos\/brisa-solar\/\">Brisa Solar<\/a><\/li>\n<li id=\"menu-item-620\" class=\"menu-item menu-item-type-post_type menu-item-object-page menu-item-620\"><a href=\"https:\/\/www.rochalazan.com\/web\/nossos-trabalhos\/vivenda-em-peniche\/\">Vivenda em Peniche<\/a><\/li>\n<li id=\"menu-item-621\" class=\"menu-item menu-item-type-post_type menu-item-object-page menu-item-621\"><a href=\"https:\/\/www.rochalazan.com\/web\/nossos-trabalhos\/trabalhos-de-caixilharia\/\">Trabalhos de Caixilharia<\/a><\/li>\n<li id=\"menu-item-622\" class=\"menu-item menu-item-type-post_type menu-item-object-page menu-item-622\"><a href=\"https:\/\/www.rochalazan.com\/web\/nossos-trabalhos\/toldos\/\">Toldos<\/a><\/li>\n<li id=\"menu-item-623\" class=\"menu-item menu-item-type-post_type menu-item-object-page menu-item-623\"><a href=\"https:\/\/www.rochalazan.com\/web\/nossos-trabalhos\/s-l-benfica\/\">S. L. Benfica<\/a><\/li>\n<li id=\"menu-item-624\" class=\"menu-item menu-item-type-post_type menu-item-object-page menu-item-624\"><a href=\"https:\/\/www.rochalazan.com\/web\/nossos-trabalhos\/portoes-de-lamina-77\/\">Port\u00f5es de L\u00e2mina 77<\/a><\/li>\n<li id=\"menu-item-625\" class=\"menu-item menu-item-type-post_type menu-item-object-page menu-item-625\"><a href=\"https:\/\/www.rochalazan.com\/web\/nossos-trabalhos\/porto-santo\/\">Porto Santo<\/a><\/li>\n<li id=\"menu-item-626\" class=\"menu-item menu-item-type-post_type menu-item-object-page menu-item-626\"><a href=\"https:\/\/www.rochalazan.com\/web\/nossos-trabalhos\/forca-aerea\/\">For\u00e7a A\u00e9rea<\/a><\/li>\n<li id=\"menu-item-627\" class=\"menu-item menu-item-type-post_type menu-item-object-page menu-item-627\"><a href=\"https:\/\/www.rochalazan.com\/web\/nossos-trabalhos\/estores\/\">Estores<\/a><\/li>\n<li id=\"menu-item-628\" class=\"menu-item menu-item-type-post_type menu-item-object-page menu-item-628\"><a href=\"https:\/\/www.rochalazan.com\/web\/nossos-trabalhos\/embalamento-para-exportacao\/\">Embalamento para Exporta\u00e7\u00e3o<\/a><\/li>\n<li id=\"menu-item-629\" class=\"menu-item menu-item-type-post_type menu-item-object-page menu-item-629\"><a href=\"https:\/\/www.rochalazan.com\/web\/nossos-trabalhos\/tipos-de-lamina\/\">Tipos de L\u00e2mina<\/a><\/li>\n<li id=\"menu-item-630\" class=\"menu-item menu-item-type-post_type menu-item-object-page menu-item-630\"><a href=\"https:\/\/www.rochalazan.com\/web\/nossos-trabalhos\/tipos-de-caixa\/\">Tipos de Caixa<\/a><\/li>\n<li id=\"menu-item-631\" class=\"menu-item menu-item-type-post_type menu-item-object-page menu-item-631\"><a href=\"https:\/\/www.rochalazan.com\/web\/nossos-trabalhos\/estores-de-rolo\/\">Estores de Rolo<\/a><\/li>\n<\/ul><\/div><\/div><\/div><div id=\"pgc-28-2-1\"  class=\"panel-grid-cell\" ><div id=\"panel-28-2-1-0\" class=\"so-panel widget widget_black-studio-tinymce widget_black_studio_tinymce panel-first-child\" data-index=\"5\" ><h3 class=\"widget-title\">V\u00eddeo Corporativo<\/h3><div class=\"textwidget\"><p><div class=\"su-youtube su-u-responsive-media-yes\"><iframe loading=\"lazy\" width=\"600\" height=\"400\" src=\"https:\/\/www.youtube.com\/embed\/A7jfvAiksZA?\" frameborder=\"0\" allowfullscreen allow=\"autoplay; encrypted-media; picture-in-picture\" title=\"\"><\/iframe><\/div><\/p>\n<\/div><\/div><div id=\"panel-28-2-1-1\" class=\"so-panel widget widget_black-studio-tinymce widget_black_studio_tinymce panel-last-child\" data-index=\"6\" ><h3 class=\"widget-title\">Cat\u00e1logos dos Nossos Produtos<\/h3><div class=\"textwidget\"><p><a title=\"Produtos\" href=\"http:\/\/www.rochalazan.com\/web\/produtos\/\"><img loading=\"lazy\" decoding=\"async\" class=\"alignnone size-full wp-image-750\" src=\"http:\/\/www.rochalazan.com\/web\/wp-content\/uploads\/home-catalogos.jpg\" alt=\"home-catalogos\" width=\"386\" height=\"415\" srcset=\"https:\/\/www.rochalazan.com\/web\/wp-content\/uploads\/home-catalogos.jpg 386w, https:\/\/www.rochalazan.com\/web\/wp-content\/uploads\/home-catalogos-279x300.jpg 279w\" sizes=\"auto, (max-width:767px) 386px, 386px\" \/><\/a><br \/> <a href=\"http:\/\/www.rochalazan.com\/web\/nossos-trabalhos\/s-l-benfica\/\"><img loading=\"lazy\" decoding=\"async\" class=\"aligncenter size-full wp-image-834\" src=\"http:\/\/www.rochalazan.com\/web\/wp-content\/uploads\/btv-logo.jpg\" alt=\"btv-logo\" width=\"440\" height=\"102\" srcset=\"https:\/\/www.rochalazan.com\/web\/wp-content\/uploads\/btv-logo.jpg 440w, https:\/\/www.rochalazan.com\/web\/wp-content\/uploads\/btv-logo-300x70.jpg 300w, https:\/\/www.rochalazan.com\/web\/wp-content\/uploads\/btv-logo-260x60.jpg 260w, https:\/\/www.rochalazan.com\/web\/wp-content\/uploads\/btv-logo-50x12.jpg 50w, https:\/\/www.rochalazan.com\/web\/wp-content\/uploads\/btv-logo-150x35.jpg 150w\" sizes=\"auto, (max-width:767px) 440px, 440px\" \/><\/a><\/p>\n<\/div><\/div><\/div><div id=\"pgc-28-2-2\"  class=\"panel-grid-cell\" ><div id=\"panel-28-2-2-0\" class=\"so-panel widget widget_black-studio-tinymce widget_black_studio_tinymce panel-first-child panel-last-child\" data-index=\"7\" ><div class=\"textwidget\"><p><iframe src=\"\/\/www.facebook.com\/plugins\/likebox.php?href=https:\/\/www.facebook.com\/pages\/ROCHALAZAN\/258220120890005&width=370&height=850&colorscheme=light&show_faces=false&header=false&stream=true&show_border=true\" scrolling=\"no\" frameborder=\"0\" style=\"border:none; overflow:hidden; width:370px; height:850px;\" allowTransparency=\"true\"><\/iframe><\/p>\n<\/div><\/div><\/div><\/div><\/div>","protected":false},"excerpt":{"rendered":"<p>\u00a0 \u00a0A nossa prioridade \u00e9 alcan\u00e7ar a satisfa\u00e7\u00e3o do cliente, fornecendo um servi\u00e7o eficiente e um produto de qualidade. Esta \u00e9 a nossa maneira de ser<span class=\"excerpt-hellip\"> [\u2026]<\/span><\/p>\n","protected":false},"author":394,"featured_media":0,"parent":0,"menu_order":0,"comment_status":"closed","ping_status":"closed","template":"","meta":{"footnotes":""},"class_list":["post-28","page","type-page","status-publish","hentry"],"_links":{"self":[{"href":"https:\/\/www.rochalazan.com\/web\/wp-json\/wp\/v2\/pages\/28","targetHints":{"allow":["GET"]}}],"collection":[{"href":"https:\/\/www.rochalazan.com\/web\/wp-json\/wp\/v2\/pages"}],"about":[{"href":"https:\/\/www.rochalazan.com\/web\/wp-json\/wp\/v2\/types\/page"}],"author":[{"embeddable":true,"href":"https:\/\/www.rochalazan.com\/web\/wp-json\/wp\/v2\/users\/394"}],"replies":[{"embeddable":true,"href":"https:\/\/www.rochalazan.com\/web\/wp-json\/wp\/v2\/comments?post=28"}],"version-history":[{"count":0,"href":"https:\/\/www.rochalazan.com\/web\/wp-json\/wp\/v2\/pages\/28\/revisions"}],"wp:attachment":[{"href":"https:\/\/www.rochalazan.com\/web\/wp-json\/wp\/v2\/media?parent=28"}],"curies":[{"name":"wp","href":"https:\/\/api.w.org\/{rel}","templated":true}]}}