{"id":270,"date":"2015-03-03T00:36:26","date_gmt":"2015-03-03T00:36:26","guid":{"rendered":"http:\/\/www.rochalazan.com\/web\/?page_id=270"},"modified":"2015-03-04T10:35:44","modified_gmt":"2015-03-04T10:35:44","slug":"nossos-trabalhos","status":"publish","type":"page","link":"https:\/\/www.rochalazan.com\/web\/nossos-trabalhos\/","title":{"rendered":"Nossos Trabalhos"},"content":{"rendered":"<div id=\"pl-270\"  class=\"panel-layout\" ><div id=\"pg-270-0\"  class=\"panel-grid panel-no-style\" ><div id=\"pgc-270-0-0\"  class=\"panel-grid-cell\" ><div id=\"panel-270-0-0-0\" class=\"so-panel widget widget_nav_menu panel-first-child panel-last-child\" data-index=\"0\" ><div class=\"menu-nossos-trabalhos-container\"><ul id=\"menu-nossos-trabalhos\" class=\"menu\"><li id=\"menu-item-3038\" class=\"menu-item menu-item-type-post_type menu-item-object-page menu-item-3038\"><a href=\"https:\/\/www.rochalazan.com\/web\/nossos-trabalhos\/cortinas-deslizantes\/\">Cortinas Deslizantes<\/a><\/li>\n<li id=\"menu-item-3264\" class=\"menu-item menu-item-type-post_type menu-item-object-page menu-item-3264\"><a href=\"https:\/\/www.rochalazan.com\/web\/nossos-trabalhos\/cortinas-de-vidro\/\">Cortinas de Vidro<\/a><\/li>\n<li id=\"menu-item-3292\" class=\"menu-item menu-item-type-post_type menu-item-object-page menu-item-3292\"><a href=\"https:\/\/www.rochalazan.com\/web\/nossos-trabalhos\/pergolas\/\">P\u00e9rgolas<\/a><\/li>\n<li id=\"menu-item-632\" class=\"menu-item menu-item-type-post_type menu-item-object-page menu-item-632\"><a href=\"https:\/\/www.rochalazan.com\/web\/nossos-trabalhos\/antes-e-depois\/\">Antes e Depois<\/a><\/li>\n<li id=\"menu-item-637\" class=\"menu-item menu-item-type-post_type menu-item-object-page menu-item-637\"><a href=\"https:\/\/www.rochalazan.com\/web\/nossos-trabalhos\/brisa-solar\/\">Brisa Solar<\/a><\/li>\n<li id=\"menu-item-620\" class=\"menu-item menu-item-type-post_type menu-item-object-page menu-item-620\"><a href=\"https:\/\/www.rochalazan.com\/web\/nossos-trabalhos\/vivenda-em-peniche\/\">Vivenda em Peniche<\/a><\/li>\n<li id=\"menu-item-621\" class=\"menu-item menu-item-type-post_type menu-item-object-page menu-item-621\"><a href=\"https:\/\/www.rochalazan.com\/web\/nossos-trabalhos\/trabalhos-de-caixilharia\/\">Trabalhos de Caixilharia<\/a><\/li>\n<li id=\"menu-item-622\" class=\"menu-item menu-item-type-post_type menu-item-object-page menu-item-622\"><a href=\"https:\/\/www.rochalazan.com\/web\/nossos-trabalhos\/toldos\/\">Toldos<\/a><\/li>\n<li id=\"menu-item-623\" class=\"menu-item menu-item-type-post_type menu-item-object-page menu-item-623\"><a href=\"https:\/\/www.rochalazan.com\/web\/nossos-trabalhos\/s-l-benfica\/\">S. L. Benfica<\/a><\/li>\n<li id=\"menu-item-624\" class=\"menu-item menu-item-type-post_type menu-item-object-page menu-item-624\"><a href=\"https:\/\/www.rochalazan.com\/web\/nossos-trabalhos\/portoes-de-lamina-77\/\">Port\u00f5es de L\u00e2mina 77<\/a><\/li>\n<li id=\"menu-item-625\" class=\"menu-item menu-item-type-post_type menu-item-object-page menu-item-625\"><a href=\"https:\/\/www.rochalazan.com\/web\/nossos-trabalhos\/porto-santo\/\">Porto Santo<\/a><\/li>\n<li id=\"menu-item-626\" class=\"menu-item menu-item-type-post_type menu-item-object-page menu-item-626\"><a href=\"https:\/\/www.rochalazan.com\/web\/nossos-trabalhos\/forca-aerea\/\">For\u00e7a A\u00e9rea<\/a><\/li>\n<li id=\"menu-item-627\" class=\"menu-item menu-item-type-post_type menu-item-object-page menu-item-627\"><a href=\"https:\/\/www.rochalazan.com\/web\/nossos-trabalhos\/estores\/\">Estores<\/a><\/li>\n<li id=\"menu-item-628\" class=\"menu-item menu-item-type-post_type menu-item-object-page menu-item-628\"><a href=\"https:\/\/www.rochalazan.com\/web\/nossos-trabalhos\/embalamento-para-exportacao\/\">Embalamento para Exporta\u00e7\u00e3o<\/a><\/li>\n<li id=\"menu-item-629\" class=\"menu-item menu-item-type-post_type menu-item-object-page menu-item-629\"><a href=\"https:\/\/www.rochalazan.com\/web\/nossos-trabalhos\/tipos-de-lamina\/\">Tipos de L\u00e2mina<\/a><\/li>\n<li id=\"menu-item-630\" class=\"menu-item menu-item-type-post_type menu-item-object-page menu-item-630\"><a href=\"https:\/\/www.rochalazan.com\/web\/nossos-trabalhos\/tipos-de-caixa\/\">Tipos de Caixa<\/a><\/li>\n<li id=\"menu-item-631\" class=\"menu-item menu-item-type-post_type menu-item-object-page menu-item-631\"><a href=\"https:\/\/www.rochalazan.com\/web\/nossos-trabalhos\/estores-de-rolo\/\">Estores de Rolo<\/a><\/li>\n<\/ul><\/div><\/div><\/div><div id=\"pgc-270-0-1\"  class=\"panel-grid-cell\" ><div id=\"panel-270-0-1-0\" class=\"so-panel widget widget_black-studio-tinymce widget_black_studio_tinymce panel-first-child panel-last-child\" data-index=\"1\" ><div class=\"textwidget\"><p><div class=\"su-youtube su-u-responsive-media-yes\"><iframe loading=\"lazy\" width=\"700\" height=\"300\" src=\"https:\/\/www.youtube.com\/embed\/A7jfvAiksZA?\" frameborder=\"0\" allowfullscreen allow=\"autoplay; encrypted-media; picture-in-picture\" title=\"\"><\/iframe><\/div><\/p>\n<\/div><\/div><\/div><\/div><\/div>","protected":false},"excerpt":{"rendered":"<p>Cortinas Deslizantes Cortinas de Vidro P\u00e9rgolas Antes e Depois Brisa Solar Vivenda em Peniche Trabalhos de Caixilharia Toldos S. L. Benfica Port\u00f5es de L\u00e2mina 77 Porto<span class=\"excerpt-hellip\"> [\u2026]<\/span><\/p>\n","protected":false},"author":394,"featured_media":0,"parent":0,"menu_order":0,"comment_status":"closed","ping_status":"closed","template":"template-full-width.php","meta":{"footnotes":""},"class_list":["post-270","page","type-page","status-publish","hentry"],"_links":{"self":[{"href":"https:\/\/www.rochalazan.com\/web\/wp-json\/wp\/v2\/pages\/270","targetHints":{"allow":["GET"]}}],"collection":[{"href":"https:\/\/www.rochalazan.com\/web\/wp-json\/wp\/v2\/pages"}],"about":[{"href":"https:\/\/www.rochalazan.com\/web\/wp-json\/wp\/v2\/types\/page"}],"author":[{"embeddable":true,"href":"https:\/\/www.rochalazan.com\/web\/wp-json\/wp\/v2\/users\/394"}],"replies":[{"embeddable":true,"href":"https:\/\/www.rochalazan.com\/web\/wp-json\/wp\/v2\/comments?post=270"}],"version-history":[{"count":0,"href":"https:\/\/www.rochalazan.com\/web\/wp-json\/wp\/v2\/pages\/270\/revisions"}],"wp:attachment":[{"href":"https:\/\/www.rochalazan.com\/web\/wp-json\/wp\/v2\/media?parent=270"}],"curies":[{"name":"wp","href":"https:\/\/api.w.org\/{rel}","templated":true}]}}