{"id":123,"date":"2015-02-26T19:46:54","date_gmt":"2015-02-26T19:46:54","guid":{"rendered":"http:\/\/www.rochalazan.com\/web\/?page_id=123"},"modified":"2015-02-26T19:46:54","modified_gmt":"2015-02-26T19:46:54","slug":"politica-de-cookies","status":"publish","type":"page","link":"https:\/\/www.rochalazan.com\/web\/quem-somos\/politica-de-cookies\/","title":{"rendered":"Pol\u00edtica de Cookies"},"content":{"rendered":"<p style=\"text-align: justify;\">Usamos cookies\u00a0nosso website para melhorar o desempenho e a sua experi\u00eancia como utilizador. Esta p\u00e1gina explica como o fazemos a utiliza\u00e7\u00e3o dos mesmos.<\/p>\n<p style=\"text-align: center;\"><b>O que s\u00e3o\u00a0<i>cookies<\/i><\/b><\/p>\n<p style=\"text-align: justify;\">Os\u00a0<i>cookies<\/i>\u00a0s\u00e3o \u00a0ficheiros de texto de dimens\u00e3o reduzida que um\u00a0<i>website <\/i>tem e ao ser visitado pelo utilizador e coloca no seu computador ou no seu dispositivo m\u00f3vel atrav\u00e9s do navegador de internet (browser). A coloca\u00e7\u00e3o de\u00a0<i>cookies<\/i>\u00a0ajudar\u00e1 o\u00a0<i>website<\/i>\u00a0a reconhecer o seu dispositivo na pr\u00f3xima vez que o utilizador o visita.<\/p>\n<p style=\"text-align: justify;\">Usamos o termo\u00a0<i>cookies<\/i>\u00a0nesta pol\u00edtica para referir todos os ficheiros que recolhem informa\u00e7\u00f5es desta forma.<\/p>\n<p style=\"text-align: justify;\">Os\u00a0<i>cookies<\/i>\u00a0utilizados n\u00e3o recolhem informa\u00e7\u00e3o que identifica o utilizador. Os\u00a0<i>cookies<\/i>\u00a0recolhem informa\u00e7\u00f5es gen\u00e9ricas, designadamente a forma como os utilizadores chegam e utilizam os<i>\u00a0websites<\/i>\u00a0ou a zona do pa\u00eds\/pa\u00edses atrav\u00e9s do qual acedem ao\u00a0<i>website<\/i>, etc.<\/p>\n<p style=\"text-align: justify;\">Os\u00a0<i>cookies<\/i>\u00a0ret\u00eam apenas informa\u00e7\u00e3o relacionada com as suas prefer\u00eancias.<\/p>\n<p style=\"text-align: justify;\">A qualquer momento o utilizador pode, atrav\u00e9s do seu navegador de internet (browser) decidir ser notificado sobre a recep\u00e7\u00e3o de\u00a0<i>cookies,\u00a0<\/i>bem como bloquear a respectiva entrada no seu sistema.<\/p>\n<p style=\"text-align: justify;\">A recusa de uso de\u00a0<i>cookies<\/i>\u00a0no\u00a0<i>website<\/i>, pode resultar na impossibilidade de ter acesso a algumas das suas \u00e1reas ou de receber informa\u00e7\u00e3o personalizada.<\/p>\n<p style=\"text-align: center;\"><b>Para que servem os\u00a0<i>cookies<\/i><\/b><\/p>\n<p style=\"text-align: justify;\">Os\u00a0<i>cookies<\/i>\u00a0s\u00e3o usados para ajudar a determinar a utilidade, interesse e o n\u00famero de utiliza\u00e7\u00f5es dos\u00a0<i>websites,<\/i>\u00a0permitindo uma navega\u00e7\u00e3o mais r\u00e1pida e eficiente e eliminando a necessidade de introduzir repetidamente as mesmas informa\u00e7\u00f5es e aumentando a rapidez com que a p\u00e1gina\/website carrega no seu browser.<\/p>\n<p style=\"text-align: center;\"><b>Que tipo de c<i>ookies<\/i>\u00a0utilizamos<\/b><\/p>\n<p style=\"text-align: justify;\">Os nossos\u00a0<i>cookies<\/i>\u00a0t\u00eam diferentes fun\u00e7\u00f5es:<\/p>\n<p style=\"text-align: justify;\"><b><i>&#8211; Cookies<\/i><\/b><b>\u00a0essenciais<\/b>\u00a0\u2013 Alguns\u00a0<i>cookies<\/i>\u00a0s\u00e3o essenciais para aceder a \u00e1reas espec\u00edficas do nosso\u00a0<i>website<\/i>.<\/p>\n<p style=\"text-align: justify;\">Permitem a navega\u00e7\u00e3o no\u00a0<i>website<\/i>\u00a0e a utiliza\u00e7\u00e3o das suas aplica\u00e7\u00f5es, tal como aceder a \u00e1reas seguras do\u00a0<i>website<\/i>\u00a0atrav\u00e9s de login. Sem estes\u00a0<i>cookies<\/i>, os servi\u00e7os que o exijam n\u00e3o podem ser prestados.<\/p>\n<p style=\"text-align: justify;\"><b><i>&#8211; Cookies<\/i><\/b><b>\u00a0anal\u00edticos<\/b>\u00a0\u2013 Utilizamos estes\u00a0<i>cookies<\/i>\u00a0para analisar a forma como os utilizadores usam o\u00a0<i>website<\/i>\u00a0e monitorar a performance deste. Isto permite-nos fornecer uma experi\u00eancia de alta qualidade ao personalizar a nossa oferta e rapidamente identificar e corrigir quaisquer problemas que surjam. Por exemplo:<\/p>\n<p style=\"text-align: justify;\">Usamos\u00a0<i>cookies<\/i>\u00a0de desempenho para saber quais as p\u00e1ginas mais populares, qual o m\u00e9todo de liga\u00e7\u00e3o entre p\u00e1ginas que \u00e9 mais eficaz, ou para determinar a raz\u00e3o de algumas p\u00e1ginas estarem a receber mensagens de erro.<\/p>\n<p style=\"text-align: justify;\">Baseado na utiliza\u00e7\u00e3o do\u00a0<i>website,\u00a0<\/i>podemos tamb\u00e9m utilizar estes\u00a0<i>cookies<\/i>\u00a0para destacar artigos ou servi\u00e7os do\u00a0<i>website<\/i>\u00a0que pensamos ser do interesse dos utilizadores.<\/p>\n<p style=\"text-align: justify;\">\u00a0Estes cookies s\u00e3o utilizados apenas para efeitos de cria\u00e7\u00e3o e an\u00e1lise estat\u00edstica, sem nunca recolher informa\u00e7\u00e3o de car\u00e1cter pessoal.<\/p>\n<p style=\"text-align: justify;\">&#8211;\u00a0<b><i>Cookie<\/i>s de funcionalidade<\/b><b>\u00a0<\/b>&#8211; Utilizamos\u00a0<i>cookies<\/i>\u00a0de funcionalidade para nos permitir relembrar as prefer\u00eancias do utilizador. Por exemplo, os\u00a0<i>cookies<\/i>\u00a0evitam digitar o nome do utilizador cada vez que este acede ao\u00a0<i>website<\/i>.<\/p>\n<p style=\"text-align: justify;\">Tamb\u00e9m usamos\u00a0<i>cookies<\/i>\u00a0de funcionalidade para fornecer servi\u00e7os avan\u00e7ados ao utilizador, como por exemplo efectuar coment\u00e1rios a um artigo.<\/p>\n<p style=\"text-align: justify;\">Em resumo, os\u00a0<i>cookies<\/i>\u00a0de funcionalidade guardam as prefer\u00eancias do utilizador relativamente \u00e0 utiliza\u00e7\u00e3o do\u00a0<i>website<\/i>, de forma que n\u00e3o seja necess\u00e1rio voltar a configurar o\u00a0<i>website<\/i>\u00a0cada vez que o visita<\/p>\n<p style=\"text-align: justify;\"><b><i>&#8211; Cookies<\/i><\/b><b>\u00a0de terceiros<\/b>\u00a0\u2013 Servem para medir o sucesso de aplica\u00e7\u00f5es e a efic\u00e1cia da publicidade de terceiros.<\/p>\n<p style=\"text-align: justify;\"><b><i>&#8211; Cookies<\/i><\/b><b>\u00a0de publicidade<\/b>\u00a0\u2013 Servem para direccionar a publicidade em fun\u00e7\u00e3o dos interesses de cada utilizador, permitindo limitar o n\u00famero de vezes do visionamento do an\u00fancio. Estes\u00a0<i>cookies<\/i>\u00a0ajudam a medir a efic\u00e1cia da publicidade. No entanto, n\u00e3o identificam o utilizador<\/p>\n<p style=\"text-align: center;\"><strong>Os\u00a0<i>cookies<\/i>\u00a0utilizados podem ser:<\/strong><\/p>\n<p style=\"text-align: justify;\"><b><i>&#8211; Cookies<\/i><\/b><b>\u00a0permanentes<\/b>\u00a0-Ficam armazenados ao n\u00edvel do navegador de internet (browser) nos seus dispositivos de acesso (pc, mobile e tablet) e s\u00e3o utilizados sempre que o utilizador faz uma nova visita ao\u00a0<i>website<\/i>. Geralmente s\u00e3o utilizados para direcionar a navega\u00e7\u00e3o de acordo com os interesses do utilizador, permitindo-nos prestar um servi\u00e7o mais personalizado.<\/p>\n<p style=\"text-align: justify;\"><b><i>&#8211; Cookies<\/i><\/b><b>\u00a0de sess\u00e3o<\/b>\u00a0\u2013 S\u00e3o tempor\u00e1rios, permanecem nos\u00a0<i>cookies<\/i>do seu navegador de internet (browser) at\u00e9 sair do\u00a0<i>website<\/i>. A informa\u00e7\u00e3o obtida permite identificar problemas e fornecer uma melhor experiencia de navega\u00e7\u00e3o.<\/p>\n<p style=\"text-align: center;\"><b><i>\u00a0<\/i><\/b><b><i>O uso de cookies pode ser bloqueado<\/i><\/b><i><\/i><\/p>\n<p style=\"text-align: justify;\">Como explic\u00e1mos os cookies ajudam-no a tirar o m\u00e1ximo proveito dos nossos websites.<\/p>\n<p style=\"text-align: justify;\">Depois de autorizar o uso de cookies, o utilizador pode sempre desatinar parte ou a totalidade dos nossos cookies. Para o efeito, o utilizador deve seguir as instru\u00e7\u00f5es que s\u00e3o apresentadas no bloco de texto disponibilizado mais abaixo designado \u201ccomo gerir cookies e suas funcionalidades\u201d .<\/p>\n<p style=\"text-align: justify;\">Recordamos que ao desactivar os cookies, partes do nosso website podem n\u00e3o funcionar correctamente.<\/p>\n<p style=\"text-align: center;\"><b>Mais informa\u00e7\u00e3o sobre cookies<\/b><\/p>\n<p style=\"text-align: justify;\">Pode obter mais informa\u00e7\u00f5es sobre cookies no seguinte link:<\/p>\n<p style=\"text-align: justify;\">Ler mais:\u00a0<a href=\"http:\/\/www.allaboutcookies.org\/\">http:\/\/www.allaboutcookies.org\/<\/a><\/p>\n<p style=\"text-align: center;\"><b>Como gerir os cookies e as suas funcionalidades<\/b><\/p>\n<p style=\"text-align: justify;\">Todos os navegadores de internet (browsers) permitem ao utilizador aceitar, recusar ou apagar cookies, atrav\u00e9s da gest\u00e3o das defini\u00e7\u00f5es no respectivo navegador\/browser.<\/p>\n<p style=\"text-align: justify;\">Caso desactive os cookies pode impedir que alguns servi\u00e7os da internet funcionem correctamente, afectando, parcial ou totalmente, a navega\u00e7\u00e3o no website.<\/p>\n<p style=\"text-align: center;\"><b>Como pode activar e desactivar os cookies no navegador de internet (browser)<\/b><\/p>\n<p style=\"text-align: justify;\"><b>Google Chrome:<\/b><\/p>\n<p style=\"text-align: justify;\">Tem controlo total sobre as permiss\u00f5es de cookies no Google Chrome. Por predefini\u00e7\u00e3o, s\u00e3o permitidos todos os cookies, mas pode ajustar esta defini\u00e7\u00e3o. Se os cookies tiverem sido definidos ou bloqueados na p\u00e1gina que estiver a visualizar, \u00e9 apresentado um \u00edcone no final da barra de endere\u00e7o.<\/p>\n<ol style=\"text-align: justify;\">\n<li>Clique no menu do Chrome\u00a0na barra de ferramentas do navegador.<\/li>\n<li>Seleccione\u00a0<b>Defini\u00e7\u00f5es<\/b>.<\/li>\n<li>Clique em\u00a0<b>Mostrar defini\u00e7\u00f5es avan\u00e7adas<\/b>.<\/li>\n<li>Na sec\u00e7\u00e3o \u201cPrivacidade\u201d, clique no bot\u00e3o\u00a0<b>Defini\u00e7\u00f5es de conte\u00fado<\/b>.<\/li>\n<li>Seleccione a op\u00e7\u00e3o\u00a0<i>\u201cBloquear defini\u00e7\u00e3o dos dados por parte dos websites\u201d<\/i>.<\/li>\n<li>Pode alterar as seguintes defini\u00e7\u00f5es de cookies na sec\u00e7\u00e3o \u201cCookies\u201d:<\/li>\n<\/ol>\n<p style=\"text-align: justify;\">\u00b7\u00a0\u00a0\u00a0\u00a0\u00a0\u00a0\u00a0\u00a0 Eliminar cookies<\/p>\n<p style=\"text-align: justify;\">\u00b7\u00a0\u00a0\u00a0\u00a0\u00a0\u00a0\u00a0\u00a0 Bloquear cookies por predefini\u00e7\u00e3o<\/p>\n<p style=\"text-align: justify;\">\u00b7\u00a0\u00a0\u00a0\u00a0\u00a0\u00a0\u00a0\u00a0 Permitir cookies por predefini\u00e7\u00e3o<\/p>\n<p style=\"text-align: justify;\">\u00b7\u00a0\u00a0\u00a0\u00a0\u00a0\u00a0\u00a0\u00a0 Manter cookies e dados do Webwebsite por predefini\u00e7\u00e3o at\u00e9 sair do navegador<\/p>\n<p style=\"text-align: justify;\">\u00b7\u00a0\u00a0\u00a0\u00a0\u00a0\u00a0\u00a0\u00a0 Criar exce\u00e7\u00f5es para cookies de Webwebsites ou dom\u00ednios espec\u00edficos<\/p>\n<p style=\"text-align: justify;\"><b>Nota:<\/b>\u00a0Existem v\u00e1rios n\u00edveis de activa\u00e7\u00e3o e desactiva\u00e7\u00e3o de cookies no Google Chrome. Para mais informa\u00e7\u00f5es sobre defini\u00e7\u00f5es de cookies no Google Chrome, consulte a seguinte p\u00e1gina :<\/p>\n<p style=\"text-align: justify;\"><a href=\"http:\/\/support.google.com\/chrome\/bin\/answer.py?hl=pt&amp;answer=95647&amp;topic=14666&amp;ctx=topic\" target=\"_blank\">http:\/\/support.google.com\/chrome\/bin\/answer.py?hl=pt&amp;answer=95647&amp;topic=14666&amp;ctx=topic<\/a><\/p>\n<p style=\"text-align: justify;\"><b>Microsoft Internet Explorer:<\/b><\/p>\n<p style=\"text-align: justify;\">Para desactivar todos os\u00a0<i>cookies<\/i>\u00a0no Internet Explorer:<\/p>\n<p style=\"text-align: justify;\">1)\u00a0\u00a0 Clique no menu \u201c<i>Ferramentas<\/i>\u201d e escolha a op\u00e7\u00e3o \u201c<i>Op\u00e7\u00f5es de Internet<\/i>\u201c;<\/p>\n<p style=\"text-align: justify;\">2)\u00a0\u00a0 Seleccione o separador \u201c<i>Privacidade<\/i>\u201c;<\/p>\n<p style=\"text-align: justify;\">3)\u00a0\u00a0 \u00a0Mova a barra para o topo, onde surgir\u00e1 \u201c<i>Bloquear todos os cookies<\/i>\u201c.<\/p>\n<p style=\"text-align: justify;\"><b>Nota:<\/b>\u00a0Existem v\u00e1rios n\u00edveis de activa\u00e7\u00e3o e desactiva\u00e7\u00e3o de cookies no Internet Explorer. Para mais informa\u00e7\u00f5es sobre defini\u00e7\u00f5es de cookies Internet Explorer, consulte a seguinte p\u00e1gina da Microsoft:<\/p>\n<p style=\"text-align: justify;\"><a href=\"http:\/\/windows.microsoft.com\/pt-PT\/windows-vista\/Block-or-allow-cookies\" target=\"_blank\">http:\/\/windows.microsoft.com\/pt-PT\/windows-vista\/Block-or-allow-cookies<\/a><\/p>\n<p style=\"text-align: justify;\"><b>Mozilla Firefox:<\/b><\/p>\n<p style=\"text-align: justify;\">Para desactivar todos os\u00a0<i>cookies<\/i>\u00a0no Mozilla Firefox:<\/p>\n<p style=\"text-align: justify;\">1) Clique no menu \u201c<i>Ferramentas<\/i>\u201c;<br \/>\n2) Seleccione \u201c<i>Op\u00e7\u00f5es<\/i>\u201c;<br \/>\n3) Clique no \u00edcone \u201c<i>Privacidade<\/i>\u201c, que encontra no painel superior;<br \/>\n4) Na sec\u00e7\u00e3o \u201c<i>Cookies<\/i>\u201d desactive a op\u00e7\u00e3o \u201c<i>Aceitar cookies dos websites<\/i>\u201c;<br \/>\n5) Clique em \u201c<i>OK<\/i>\u201d para guardar as altera\u00e7\u00f5es e fechar.<\/p>\n<p style=\"text-align: justify;\"><b>Nota:<\/b>\u00a0Existem v\u00e1rios n\u00edveis de activa\u00e7\u00e3o e desactiva\u00e7\u00e3o de cookies no Mozilla Firefox. Para mais informa\u00e7\u00f5es sobre defini\u00e7\u00f5es de cookies no Mozilla Firefox, consulte a seguinte p\u00e1gina :<\/p>\n<p style=\"text-align: justify;\"><a href=\"http:\/\/support.mozilla.org\/pt-PT\/kb\/Activar%20e%20Desactivar%20cookies?redirectlocale=en-US&amp;redirectslug=Enabling+and+disabling+cookies\" target=\"_blank\">http:\/\/support.mozilla.org\/pt-PT\/kb\/Activar%20e%20Desactivar%20cookies?redirectlocale=en-US&amp;redirectslug=Enabling+and+disabling+cookies<\/a><\/p>\n<p style=\"text-align: justify;\"><b>Safari:<\/b><\/p>\n<p style=\"text-align: justify;\">Para desactivar todos os\u00a0<i>cookies<\/i>\u00a0no Safari:<\/p>\n<p style=\"text-align: justify;\">1) Clique em \u201cEditar\u201d;<br \/>\n2) Seleccione \u201cPrefer\u00eancias\u201d;<br \/>\n3) No painel superior, seleccione o \u00edcone \u201cPrivacidade\u201d;<br \/>\n4) Na sec\u00e7\u00e3o \u201cAceitar cookies\u201d, seleccione \u201cNunca\u201d<\/p>\n<p style=\"text-align: justify;\"><b>Nota:<\/b>\u00a0Existem v\u00e1rios n\u00edveis de activa\u00e7\u00e3o e desactiva\u00e7\u00e3o de cookies no Safari. Para mais informa\u00e7\u00f5es sobre defini\u00e7\u00f5es de cookies no Safari, consulte a seguinte p\u00e1gina :<\/p>\n<p style=\"text-align: justify;\"><a href=\"http:\/\/support.apple.com\/kb\/HT1677?viewlocale=pt_PT\" target=\"_blank\">http:\/\/support.apple.com\/kb\/HT1677?viewlocale=pt_PT<\/a><\/p>\n<p style=\"text-align: justify;\"><b>Todos os outros navegadores de internet (browser)<\/b><\/p>\n<p style=\"text-align: justify;\">Por favor, procure no menu \u201cajuda\u201d do navegador (browser) ou contacte o fornecedor do navegador (browser) de forma aceder \u00e1 sua gest\u00e3o de cookies Obrigado<\/p>\n<p style=\"text-align: center;\"><span style=\"text-decoration: underline;\"><em><strong>Atenciosamente<\/strong><\/em><\/span><\/p>\n","protected":false},"excerpt":{"rendered":"<p>Usamos cookies\u00a0nosso website para melhorar o desempenho e a sua experi\u00eancia como utilizador. Esta p\u00e1gina explica como o fazemos a utiliza\u00e7\u00e3o dos mesmos. O que s\u00e3o\u00a0cookies<span class=\"excerpt-hellip\"> [\u2026]<\/span><\/p>\n","protected":false},"author":394,"featured_media":0,"parent":34,"menu_order":0,"comment_status":"closed","ping_status":"closed","template":"","meta":{"footnotes":""},"class_list":["post-123","page","type-page","status-publish","hentry"],"_links":{"self":[{"href":"https:\/\/www.rochalazan.com\/web\/wp-json\/wp\/v2\/pages\/123","targetHints":{"allow":["GET"]}}],"collection":[{"href":"https:\/\/www.rochalazan.com\/web\/wp-json\/wp\/v2\/pages"}],"about":[{"href":"https:\/\/www.rochalazan.com\/web\/wp-json\/wp\/v2\/types\/page"}],"author":[{"embeddable":true,"href":"https:\/\/www.rochalazan.com\/web\/wp-json\/wp\/v2\/users\/394"}],"replies":[{"embeddable":true,"href":"https:\/\/www.rochalazan.com\/web\/wp-json\/wp\/v2\/comments?post=123"}],"version-history":[{"count":0,"href":"https:\/\/www.rochalazan.com\/web\/wp-json\/wp\/v2\/pages\/123\/revisions"}],"up":[{"embeddable":true,"href":"https:\/\/www.rochalazan.com\/web\/wp-json\/wp\/v2\/pages\/34"}],"wp:attachment":[{"href":"https:\/\/www.rochalazan.com\/web\/wp-json\/wp\/v2\/media?parent=123"}],"curies":[{"name":"wp","href":"https:\/\/api.w.org\/{rel}","templated":true}]}}